{"id":294,"date":"2026-01-15T12:04:56","date_gmt":"2026-01-15T12:04:56","guid":{"rendered":"https:\/\/anchorservicosnavais.com.br\/?page_id=294"},"modified":"2026-01-16T03:40:13","modified_gmt":"2026-01-16T03:40:13","slug":"reparos-navais-em-geral","status":"publish","type":"page","link":"https:\/\/anchorservicosnavais.com.br\/en\/reparos-navais-em-geral\/","title":{"rendered":"Reparos Navais em Geral"},"content":{"rendered":"<div class=\"wp-block-group alignfull is-style-ext-preset--group--natural-1--section has-background-background-color has-background has-global-padding is-layout-constrained wp-container-core-group-is-layout-f72f1611 wp-block-group-is-layout-constrained is-style-ext-preset--group--natural-1--section--1\" style=\"margin-top:0;margin-bottom:0;padding-top:var(--wp--preset--spacing--70);padding-bottom:var(--wp--preset--spacing--70)\">\n<div class=\"wp-block-group alignwide is-vertical is-layout-flex wp-container-core-group-is-layout-c35747d5 wp-block-group-is-layout-flex\">\n<div class=\"wp-block-group has-global-padding is-layout-constrained wp-container-core-group-is-layout-93caf46b wp-block-group-is-layout-constrained\" style=\"padding-top:0;padding-bottom:0\">\n<h2 class=\"wp-block-heading\">Reparos Navais em Geral<\/h2>\n\n\n\n<p>Execu\u00e7\u00e3o de reparos navais diversos, abrangendo manuten\u00e7\u00e3o estrutural, mec\u00e2nica e sistemas, com foco em seguran\u00e7a e qualidade.<\/p>\n<\/div>\n<\/div>\n\n\n\n<div class=\"wp-block-columns alignwide are-vertically-aligned-top is-layout-flex wp-container-core-columns-is-layout-87beb0d0 wp-block-columns-is-layout-flex\">\n<div class=\"wp-block-column is-vertically-aligned-top is-layout-flow wp-container-core-column-is-layout-f5bb311e wp-block-column-is-layout-flow\">\n<figure class=\"wp-block-image size-large is-style-ext-preset--image--natural-1--image-1--content-top is-style-ext-preset--image--natural-1--image-1--content-top--2\"><img loading=\"lazy\" decoding=\"async\" width=\"576\" height=\"1024\" src=\"https:\/\/anchorservicosnavais.com.br\/wp-content\/uploads\/2026\/01\/WhatsApp-Image-2025-12-30-at-14.44.48-1-576x1024.jpeg\" alt=\"\" class=\"wp-image-295\" style=\"aspect-ratio:1;object-fit:cover\" srcset=\"https:\/\/anchorservicosnavais.com.br\/wp-content\/uploads\/2026\/01\/WhatsApp-Image-2025-12-30-at-14.44.48-1-576x1024.jpeg 576w, https:\/\/anchorservicosnavais.com.br\/wp-content\/uploads\/2026\/01\/WhatsApp-Image-2025-12-30-at-14.44.48-1-169x300.jpeg 169w, https:\/\/anchorservicosnavais.com.br\/wp-content\/uploads\/2026\/01\/WhatsApp-Image-2025-12-30-at-14.44.48-1-768x1365.jpeg 768w, https:\/\/anchorservicosnavais.com.br\/wp-content\/uploads\/2026\/01\/WhatsApp-Image-2025-12-30-at-14.44.48-1-864x1536.jpeg 864w, https:\/\/anchorservicosnavais.com.br\/wp-content\/uploads\/2026\/01\/WhatsApp-Image-2025-12-30-at-14.44.48-1-7x12.jpeg 7w, https:\/\/anchorservicosnavais.com.br\/wp-content\/uploads\/2026\/01\/WhatsApp-Image-2025-12-30-at-14.44.48-1.jpeg 900w\" sizes=\"auto, (max-width: 576px) 100vw, 576px\" \/><\/figure>\n<\/div>\n\n\n\n<div class=\"wp-block-column is-vertically-aligned-top is-layout-flow wp-container-core-column-is-layout-f5bb311e wp-block-column-is-layout-flow\">\n<figure class=\"wp-block-image size-large is-style-ext-preset--image--natural-1--image-1--content-top is-style-ext-preset--image--natural-1--image-1--content-top--3\"><img loading=\"lazy\" decoding=\"async\" width=\"1024\" height=\"576\" src=\"https:\/\/anchorservicosnavais.com.br\/wp-content\/uploads\/2026\/01\/WhatsApp-Image-2025-12-30-at-14.44.48-1024x576.jpeg\" alt=\"\" class=\"wp-image-296\" style=\"aspect-ratio:1;object-fit:cover\" srcset=\"https:\/\/anchorservicosnavais.com.br\/wp-content\/uploads\/2026\/01\/WhatsApp-Image-2025-12-30-at-14.44.48-1024x576.jpeg 1024w, https:\/\/anchorservicosnavais.com.br\/wp-content\/uploads\/2026\/01\/WhatsApp-Image-2025-12-30-at-14.44.48-300x169.jpeg 300w, https:\/\/anchorservicosnavais.com.br\/wp-content\/uploads\/2026\/01\/WhatsApp-Image-2025-12-30-at-14.44.48-768x432.jpeg 768w, https:\/\/anchorservicosnavais.com.br\/wp-content\/uploads\/2026\/01\/WhatsApp-Image-2025-12-30-at-14.44.48-1536x864.jpeg 1536w, https:\/\/anchorservicosnavais.com.br\/wp-content\/uploads\/2026\/01\/WhatsApp-Image-2025-12-30-at-14.44.48-18x10.jpeg 18w, https:\/\/anchorservicosnavais.com.br\/wp-content\/uploads\/2026\/01\/WhatsApp-Image-2025-12-30-at-14.44.48.jpeg 1600w\" sizes=\"auto, (max-width: 1024px) 100vw, 1024px\" \/><\/figure>\n<\/div>\n\n\n\n<div class=\"wp-block-column is-vertically-aligned-top is-layout-flow wp-container-core-column-is-layout-f5bb311e wp-block-column-is-layout-flow\">\n<figure class=\"wp-block-image size-full is-style-ext-preset--image--natural-1--image-1--content-top is-style-ext-preset--image--natural-1--image-1--content-top--4\"><img loading=\"lazy\" decoding=\"async\" width=\"999\" height=\"749\" src=\"https:\/\/anchorservicosnavais.com.br\/wp-content\/uploads\/2026\/01\/WhatsApp-Image-2025-12-30-at-15.11.32-2.jpeg\" alt=\"\" class=\"wp-image-301\" style=\"aspect-ratio:1;object-fit:cover\" srcset=\"https:\/\/anchorservicosnavais.com.br\/wp-content\/uploads\/2026\/01\/WhatsApp-Image-2025-12-30-at-15.11.32-2.jpeg 999w, https:\/\/anchorservicosnavais.com.br\/wp-content\/uploads\/2026\/01\/WhatsApp-Image-2025-12-30-at-15.11.32-2-300x225.jpeg 300w, https:\/\/anchorservicosnavais.com.br\/wp-content\/uploads\/2026\/01\/WhatsApp-Image-2025-12-30-at-15.11.32-2-768x576.jpeg 768w, https:\/\/anchorservicosnavais.com.br\/wp-content\/uploads\/2026\/01\/WhatsApp-Image-2025-12-30-at-15.11.32-2-16x12.jpeg 16w\" sizes=\"auto, (max-width: 999px) 100vw, 999px\" \/><\/figure>\n<\/div>\n\n\n\n<div class=\"wp-block-column is-vertically-aligned-top is-layout-flow wp-container-core-column-is-layout-f5bb311e wp-block-column-is-layout-flow\">\n<figure class=\"wp-block-image size-large is-style-ext-preset--image--natural-1--image-1--content-top is-style-ext-preset--image--natural-1--image-1--content-top--5\"><img loading=\"lazy\" decoding=\"async\" width=\"768\" height=\"1024\" src=\"https:\/\/anchorservicosnavais.com.br\/wp-content\/uploads\/2026\/01\/WhatsApp-Image-2025-12-30-at-15.11.34-3-768x1024.jpeg\" alt=\"\" class=\"wp-image-302\" style=\"aspect-ratio:1;object-fit:cover\" srcset=\"https:\/\/anchorservicosnavais.com.br\/wp-content\/uploads\/2026\/01\/WhatsApp-Image-2025-12-30-at-15.11.34-3-768x1024.jpeg 768w, https:\/\/anchorservicosnavais.com.br\/wp-content\/uploads\/2026\/01\/WhatsApp-Image-2025-12-30-at-15.11.34-3-225x300.jpeg 225w, https:\/\/anchorservicosnavais.com.br\/wp-content\/uploads\/2026\/01\/WhatsApp-Image-2025-12-30-at-15.11.34-3-9x12.jpeg 9w, https:\/\/anchorservicosnavais.com.br\/wp-content\/uploads\/2026\/01\/WhatsApp-Image-2025-12-30-at-15.11.34-3.jpeg 960w\" sizes=\"auto, (max-width: 768px) 100vw, 768px\" \/><\/figure>\n<\/div>\n<\/div>\n<\/div>","protected":false},"excerpt":{"rendered":"<p>Reparos Navais em Geral Execu\u00e7\u00e3o de reparos navais diversos, abrangendo manuten\u00e7\u00e3o estrutural, mec\u00e2nica e sistemas, com foco em seguran\u00e7a e qualidade.<\/p>","protected":false},"author":1,"featured_media":0,"parent":0,"menu_order":0,"comment_status":"closed","ping_status":"closed","template":"page-with-title","meta":{"_monsterinsights_skip_tracking":false,"_monsterinsights_sitenote_active":false,"_monsterinsights_sitenote_note":"","_monsterinsights_sitenote_category":0,"footnotes":""},"class_list":["post-294","page","type-page","status-publish","hentry"],"yoast_head":"<!-- This site is optimized with the Yoast SEO plugin v27.5 - https:\/\/yoast.com\/product\/yoast-seo-wordpress\/ -->\n<title>Reparos Navais em Geral - Anchor Servi\u00e7os e Reparos Navais<\/title>\n<meta name=\"robots\" content=\"index, follow, max-snippet:-1, max-image-preview:large, max-video-preview:-1\" \/>\n<link rel=\"canonical\" href=\"https:\/\/anchorservicosnavais.com.br\/en\/reparos-navais-em-geral\/\" \/>\n<meta property=\"og:locale\" content=\"en_US\" \/>\n<meta property=\"og:type\" content=\"article\" \/>\n<meta property=\"og:title\" content=\"Reparos Navais em Geral - Anchor Servi\u00e7os e Reparos Navais\" \/>\n<meta property=\"og:description\" content=\"Reparos Navais em Geral Execu\u00e7\u00e3o de reparos navais diversos, abrangendo manuten\u00e7\u00e3o estrutural, mec\u00e2nica e sistemas, com foco em seguran\u00e7a e qualidade.\" \/>\n<meta property=\"og:url\" content=\"https:\/\/anchorservicosnavais.com.br\/en\/reparos-navais-em-geral\/\" \/>\n<meta property=\"og:site_name\" content=\"Anchor Servi\u00e7os e Reparos Navais\" \/>\n<meta property=\"article:modified_time\" content=\"2026-01-16T03:40:13+00:00\" \/>\n<meta property=\"og:image\" content=\"https:\/\/anchorservicosnavais.com.br\/wp-content\/uploads\/2026\/01\/WhatsApp-Image-2025-12-30-at-14.44.48-1.jpeg\" \/>\n\t<meta property=\"og:image:width\" content=\"900\" \/>\n\t<meta property=\"og:image:height\" content=\"1600\" \/>\n\t<meta property=\"og:image:type\" content=\"image\/jpeg\" \/>\n<meta name=\"twitter:card\" content=\"summary_large_image\" \/>\n<meta name=\"twitter:label1\" content=\"Est. reading time\" \/>\n\t<meta name=\"twitter:data1\" content=\"1 minute\" \/>\n<script type=\"application\/ld+json\" class=\"yoast-schema-graph\">{\"@context\":\"https:\\\/\\\/schema.org\",\"@graph\":[{\"@type\":\"WebPage\",\"@id\":\"https:\\\/\\\/anchorservicosnavais.com.br\\\/reparos-navais-em-geral\\\/\",\"url\":\"https:\\\/\\\/anchorservicosnavais.com.br\\\/reparos-navais-em-geral\\\/\",\"name\":\"Reparos Navais em Geral - Anchor Servi\u00e7os e Reparos Navais\",\"isPartOf\":{\"@id\":\"https:\\\/\\\/anchorservicosnavais.com.br\\\/#website\"},\"primaryImageOfPage\":{\"@id\":\"https:\\\/\\\/anchorservicosnavais.com.br\\\/reparos-navais-em-geral\\\/#primaryimage\"},\"image\":{\"@id\":\"https:\\\/\\\/anchorservicosnavais.com.br\\\/reparos-navais-em-geral\\\/#primaryimage\"},\"thumbnailUrl\":\"https:\\\/\\\/anchorservicosnavais.com.br\\\/wp-content\\\/uploads\\\/2026\\\/01\\\/WhatsApp-Image-2025-12-30-at-14.44.48-1-576x1024.jpeg\",\"datePublished\":\"2026-01-15T12:04:56+00:00\",\"dateModified\":\"2026-01-16T03:40:13+00:00\",\"breadcrumb\":{\"@id\":\"https:\\\/\\\/anchorservicosnavais.com.br\\\/reparos-navais-em-geral\\\/#breadcrumb\"},\"inLanguage\":\"en-US\",\"potentialAction\":[{\"@type\":\"ReadAction\",\"target\":[\"https:\\\/\\\/anchorservicosnavais.com.br\\\/reparos-navais-em-geral\\\/\"]}]},{\"@type\":\"ImageObject\",\"inLanguage\":\"en-US\",\"@id\":\"https:\\\/\\\/anchorservicosnavais.com.br\\\/reparos-navais-em-geral\\\/#primaryimage\",\"url\":\"https:\\\/\\\/anchorservicosnavais.com.br\\\/wp-content\\\/uploads\\\/2026\\\/01\\\/WhatsApp-Image-2025-12-30-at-14.44.48-1-576x1024.jpeg\",\"contentUrl\":\"https:\\\/\\\/anchorservicosnavais.com.br\\\/wp-content\\\/uploads\\\/2026\\\/01\\\/WhatsApp-Image-2025-12-30-at-14.44.48-1-576x1024.jpeg\"},{\"@type\":\"BreadcrumbList\",\"@id\":\"https:\\\/\\\/anchorservicosnavais.com.br\\\/reparos-navais-em-geral\\\/#breadcrumb\",\"itemListElement\":[{\"@type\":\"ListItem\",\"position\":1,\"name\":\"In\u00edcio\",\"item\":\"https:\\\/\\\/anchorservicosnavais.com.br\\\/\"},{\"@type\":\"ListItem\",\"position\":2,\"name\":\"Reparos Navais em Geral\"}]},{\"@type\":\"WebSite\",\"@id\":\"https:\\\/\\\/anchorservicosnavais.com.br\\\/#website\",\"url\":\"https:\\\/\\\/anchorservicosnavais.com.br\\\/\",\"name\":\"Anchor Servi\u00e7os e Reparos Navais\",\"description\":\"Servi\u00e7os e Reparos Navais\",\"publisher\":{\"@id\":\"https:\\\/\\\/anchorservicosnavais.com.br\\\/#organization\"},\"potentialAction\":[{\"@type\":\"SearchAction\",\"target\":{\"@type\":\"EntryPoint\",\"urlTemplate\":\"https:\\\/\\\/anchorservicosnavais.com.br\\\/?s={search_term_string}\"},\"query-input\":{\"@type\":\"PropertyValueSpecification\",\"valueRequired\":true,\"valueName\":\"search_term_string\"}}],\"inLanguage\":\"en-US\"},{\"@type\":\"Organization\",\"@id\":\"https:\\\/\\\/anchorservicosnavais.com.br\\\/#organization\",\"name\":\"Anchor Servi\u00e7os e Reparos Navais\",\"url\":\"https:\\\/\\\/anchorservicosnavais.com.br\\\/\",\"logo\":{\"@type\":\"ImageObject\",\"inLanguage\":\"en-US\",\"@id\":\"https:\\\/\\\/anchorservicosnavais.com.br\\\/#\\\/schema\\\/logo\\\/image\\\/\",\"url\":\"https:\\\/\\\/anchorservicosnavais.com.br\\\/wp-content\\\/uploads\\\/2026\\\/01\\\/Ativo-1.png\",\"contentUrl\":\"https:\\\/\\\/anchorservicosnavais.com.br\\\/wp-content\\\/uploads\\\/2026\\\/01\\\/Ativo-1.png\",\"width\":242,\"height\":80,\"caption\":\"Anchor Servi\u00e7os e Reparos Navais\"},\"image\":{\"@id\":\"https:\\\/\\\/anchorservicosnavais.com.br\\\/#\\\/schema\\\/logo\\\/image\\\/\"}}]}<\/script>\n<!-- \/ Yoast SEO plugin. -->","yoast_head_json":{"title":"Reparos Navais em Geral - Anchor Servi\u00e7os e Reparos Navais","robots":{"index":"index","follow":"follow","max-snippet":"max-snippet:-1","max-image-preview":"max-image-preview:large","max-video-preview":"max-video-preview:-1"},"canonical":"https:\/\/anchorservicosnavais.com.br\/en\/reparos-navais-em-geral\/","og_locale":"en_US","og_type":"article","og_title":"Reparos Navais em Geral - Anchor Servi\u00e7os e Reparos Navais","og_description":"Reparos Navais em Geral Execu\u00e7\u00e3o de reparos navais diversos, abrangendo manuten\u00e7\u00e3o estrutural, mec\u00e2nica e sistemas, com foco em seguran\u00e7a e qualidade.","og_url":"https:\/\/anchorservicosnavais.com.br\/en\/reparos-navais-em-geral\/","og_site_name":"Anchor Servi\u00e7os e Reparos Navais","article_modified_time":"2026-01-16T03:40:13+00:00","og_image":[{"width":900,"height":1600,"url":"https:\/\/anchorservicosnavais.com.br\/wp-content\/uploads\/2026\/01\/WhatsApp-Image-2025-12-30-at-14.44.48-1.jpeg","type":"image\/jpeg"}],"twitter_card":"summary_large_image","twitter_misc":{"Est. reading time":"1 minute"},"schema":{"@context":"https:\/\/schema.org","@graph":[{"@type":"WebPage","@id":"https:\/\/anchorservicosnavais.com.br\/reparos-navais-em-geral\/","url":"https:\/\/anchorservicosnavais.com.br\/reparos-navais-em-geral\/","name":"Reparos Navais em Geral - Anchor Servi\u00e7os e Reparos Navais","isPartOf":{"@id":"https:\/\/anchorservicosnavais.com.br\/#website"},"primaryImageOfPage":{"@id":"https:\/\/anchorservicosnavais.com.br\/reparos-navais-em-geral\/#primaryimage"},"image":{"@id":"https:\/\/anchorservicosnavais.com.br\/reparos-navais-em-geral\/#primaryimage"},"thumbnailUrl":"https:\/\/anchorservicosnavais.com.br\/wp-content\/uploads\/2026\/01\/WhatsApp-Image-2025-12-30-at-14.44.48-1-576x1024.jpeg","datePublished":"2026-01-15T12:04:56+00:00","dateModified":"2026-01-16T03:40:13+00:00","breadcrumb":{"@id":"https:\/\/anchorservicosnavais.com.br\/reparos-navais-em-geral\/#breadcrumb"},"inLanguage":"en-US","potentialAction":[{"@type":"ReadAction","target":["https:\/\/anchorservicosnavais.com.br\/reparos-navais-em-geral\/"]}]},{"@type":"ImageObject","inLanguage":"en-US","@id":"https:\/\/anchorservicosnavais.com.br\/reparos-navais-em-geral\/#primaryimage","url":"https:\/\/anchorservicosnavais.com.br\/wp-content\/uploads\/2026\/01\/WhatsApp-Image-2025-12-30-at-14.44.48-1-576x1024.jpeg","contentUrl":"https:\/\/anchorservicosnavais.com.br\/wp-content\/uploads\/2026\/01\/WhatsApp-Image-2025-12-30-at-14.44.48-1-576x1024.jpeg"},{"@type":"BreadcrumbList","@id":"https:\/\/anchorservicosnavais.com.br\/reparos-navais-em-geral\/#breadcrumb","itemListElement":[{"@type":"ListItem","position":1,"name":"In\u00edcio","item":"https:\/\/anchorservicosnavais.com.br\/"},{"@type":"ListItem","position":2,"name":"Reparos Navais em Geral"}]},{"@type":"WebSite","@id":"https:\/\/anchorservicosnavais.com.br\/#website","url":"https:\/\/anchorservicosnavais.com.br\/","name":"Anchor Servi\u00e7os e Reparos Navais","description":"Servi\u00e7os e Reparos Navais","publisher":{"@id":"https:\/\/anchorservicosnavais.com.br\/#organization"},"potentialAction":[{"@type":"SearchAction","target":{"@type":"EntryPoint","urlTemplate":"https:\/\/anchorservicosnavais.com.br\/?s={search_term_string}"},"query-input":{"@type":"PropertyValueSpecification","valueRequired":true,"valueName":"search_term_string"}}],"inLanguage":"en-US"},{"@type":"Organization","@id":"https:\/\/anchorservicosnavais.com.br\/#organization","name":"Anchor Servi\u00e7os e Reparos Navais","url":"https:\/\/anchorservicosnavais.com.br\/","logo":{"@type":"ImageObject","inLanguage":"en-US","@id":"https:\/\/anchorservicosnavais.com.br\/#\/schema\/logo\/image\/","url":"https:\/\/anchorservicosnavais.com.br\/wp-content\/uploads\/2026\/01\/Ativo-1.png","contentUrl":"https:\/\/anchorservicosnavais.com.br\/wp-content\/uploads\/2026\/01\/Ativo-1.png","width":242,"height":80,"caption":"Anchor Servi\u00e7os e Reparos Navais"},"image":{"@id":"https:\/\/anchorservicosnavais.com.br\/#\/schema\/logo\/image\/"}}]}},"_links":{"self":[{"href":"https:\/\/anchorservicosnavais.com.br\/en\/wp-json\/wp\/v2\/pages\/294","targetHints":{"allow":["GET"]}}],"collection":[{"href":"https:\/\/anchorservicosnavais.com.br\/en\/wp-json\/wp\/v2\/pages"}],"about":[{"href":"https:\/\/anchorservicosnavais.com.br\/en\/wp-json\/wp\/v2\/types\/page"}],"author":[{"embeddable":true,"href":"https:\/\/anchorservicosnavais.com.br\/en\/wp-json\/wp\/v2\/users\/1"}],"replies":[{"embeddable":true,"href":"https:\/\/anchorservicosnavais.com.br\/en\/wp-json\/wp\/v2\/comments?post=294"}],"version-history":[{"count":3,"href":"https:\/\/anchorservicosnavais.com.br\/en\/wp-json\/wp\/v2\/pages\/294\/revisions"}],"predecessor-version":[{"id":347,"href":"https:\/\/anchorservicosnavais.com.br\/en\/wp-json\/wp\/v2\/pages\/294\/revisions\/347"}],"wp:attachment":[{"href":"https:\/\/anchorservicosnavais.com.br\/en\/wp-json\/wp\/v2\/media?parent=294"}],"curies":[{"name":"wp","href":"https:\/\/api.w.org\/{rel}","templated":true}]}}