{"id":288,"date":"2026-01-15T11:59:13","date_gmt":"2026-01-15T11:59:13","guid":{"rendered":"https:\/\/anchorservicosnavais.com.br\/?page_id=288"},"modified":"2026-01-20T17:53:03","modified_gmt":"2026-01-20T17:53:03","slug":"polimento-de-helice","status":"publish","type":"page","link":"https:\/\/anchorservicosnavais.com.br\/en\/polimento-de-helice\/","title":{"rendered":"Polimento de H\u00e9lice"},"content":{"rendered":"<div class=\"wp-block-group alignfull is-style-ext-preset--group--natural-1--section has-background-background-color has-background has-global-padding is-layout-constrained wp-container-core-group-is-layout-f72f1611 wp-block-group-is-layout-constrained is-style-ext-preset--group--natural-1--section--1\" style=\"margin-top:0;margin-bottom:0;padding-top:var(--wp--preset--spacing--70);padding-bottom:var(--wp--preset--spacing--70)\">\n<div class=\"wp-block-group alignwide is-vertical is-layout-flex wp-container-core-group-is-layout-c35747d5 wp-block-group-is-layout-flex\">\n<div class=\"wp-block-group has-global-padding is-layout-constrained wp-container-core-group-is-layout-93caf46b wp-block-group-is-layout-constrained\" style=\"padding-top:0;padding-bottom:0\">\n<h2 class=\"wp-block-heading\">Polimento de H\u00e9lice<\/h2>\n\n\n\n<p>Polimento t\u00e9cnico de h\u00e9lices para melhoria do desempenho, redu\u00e7\u00e3o de vibra\u00e7\u00e3o, menor consumo de combust\u00edvel e maior efici\u00eancia operacional.<\/p>\n<\/div>\n<\/div>\n\n\n\n<div class=\"wp-block-columns alignwide are-vertically-aligned-top is-layout-flex wp-container-core-columns-is-layout-87beb0d0 wp-block-columns-is-layout-flex\">\n<div class=\"wp-block-column is-vertically-aligned-top is-layout-flow wp-container-core-column-is-layout-f5bb311e wp-block-column-is-layout-flow\">\n<figure class=\"wp-block-image size-full is-style-ext-preset--image--natural-1--image-1--content-top is-style-ext-preset--image--natural-1--image-1--content-top--2\"><img loading=\"lazy\" decoding=\"async\" width=\"647\" height=\"809\" src=\"https:\/\/anchorservicosnavais.com.br\/wp-content\/uploads\/2026\/01\/WhatsApp-Image-2025-12-30-at-14.44.47.jpeg\" alt=\"\" class=\"wp-image-290\" style=\"aspect-ratio:1;object-fit:cover\" srcset=\"https:\/\/anchorservicosnavais.com.br\/wp-content\/uploads\/2026\/01\/WhatsApp-Image-2025-12-30-at-14.44.47.jpeg 647w, https:\/\/anchorservicosnavais.com.br\/wp-content\/uploads\/2026\/01\/WhatsApp-Image-2025-12-30-at-14.44.47-240x300.jpeg 240w, https:\/\/anchorservicosnavais.com.br\/wp-content\/uploads\/2026\/01\/WhatsApp-Image-2025-12-30-at-14.44.47-10x12.jpeg 10w\" sizes=\"auto, (max-width: 647px) 100vw, 647px\" \/><\/figure>\n<\/div>\n\n\n\n<div class=\"wp-block-column is-vertically-aligned-top is-layout-flow wp-container-core-column-is-layout-f5bb311e wp-block-column-is-layout-flow\">\n<figure class=\"wp-block-image size-large is-style-ext-preset--image--natural-1--image-1--content-top is-style-ext-preset--image--natural-1--image-1--content-top--3\"><img loading=\"lazy\" decoding=\"async\" width=\"880\" height=\"1024\" src=\"https:\/\/anchorservicosnavais.com.br\/wp-content\/uploads\/2026\/01\/WhatsApp-Image-2025-12-30-at-14.44.47-2-880x1024.jpeg\" alt=\"\" class=\"wp-image-289\" style=\"aspect-ratio:1;object-fit:cover\" srcset=\"https:\/\/anchorservicosnavais.com.br\/wp-content\/uploads\/2026\/01\/WhatsApp-Image-2025-12-30-at-14.44.47-2-880x1024.jpeg 880w, https:\/\/anchorservicosnavais.com.br\/wp-content\/uploads\/2026\/01\/WhatsApp-Image-2025-12-30-at-14.44.47-2-258x300.jpeg 258w, https:\/\/anchorservicosnavais.com.br\/wp-content\/uploads\/2026\/01\/WhatsApp-Image-2025-12-30-at-14.44.47-2-768x894.jpeg 768w, https:\/\/anchorservicosnavais.com.br\/wp-content\/uploads\/2026\/01\/WhatsApp-Image-2025-12-30-at-14.44.47-2-10x12.jpeg 10w, https:\/\/anchorservicosnavais.com.br\/wp-content\/uploads\/2026\/01\/WhatsApp-Image-2025-12-30-at-14.44.47-2.jpeg 1236w\" sizes=\"auto, (max-width: 880px) 100vw, 880px\" \/><\/figure>\n<\/div>\n\n\n\n<div class=\"wp-block-column is-vertically-aligned-top is-layout-flow wp-container-core-column-is-layout-f5bb311e wp-block-column-is-layout-flow\"><\/div>\n\n\n\n<div class=\"wp-block-column is-vertically-aligned-top is-layout-flow wp-container-core-column-is-layout-f5bb311e wp-block-column-is-layout-flow\"><\/div>\n<\/div>\n<\/div>","protected":false},"excerpt":{"rendered":"<p>Polimento de H\u00e9lice Polimento t\u00e9cnico de h\u00e9lices para melhoria do desempenho, redu\u00e7\u00e3o de vibra\u00e7\u00e3o, menor consumo de combust\u00edvel e maior efici\u00eancia operacional.<\/p>","protected":false},"author":1,"featured_media":0,"parent":0,"menu_order":0,"comment_status":"closed","ping_status":"closed","template":"page-with-title","meta":{"_monsterinsights_skip_tracking":false,"_monsterinsights_sitenote_active":false,"_monsterinsights_sitenote_note":"","_monsterinsights_sitenote_category":0,"footnotes":""},"class_list":["post-288","page","type-page","status-publish","hentry"],"yoast_head":"<!-- This site is optimized with the Yoast SEO plugin v27.5 - https:\/\/yoast.com\/product\/yoast-seo-wordpress\/ -->\n<title>Polimento de H\u00e9lice - Anchor Servi\u00e7os e Reparos Navais<\/title>\n<meta name=\"robots\" content=\"index, follow, max-snippet:-1, max-image-preview:large, max-video-preview:-1\" \/>\n<link rel=\"canonical\" href=\"https:\/\/anchorservicosnavais.com.br\/en\/polimento-de-helice\/\" \/>\n<meta property=\"og:locale\" content=\"en_US\" \/>\n<meta property=\"og:type\" content=\"article\" \/>\n<meta property=\"og:title\" content=\"Polimento de H\u00e9lice - Anchor Servi\u00e7os e Reparos Navais\" \/>\n<meta property=\"og:description\" content=\"Polimento de H\u00e9lice Polimento t\u00e9cnico de h\u00e9lices para melhoria do desempenho, redu\u00e7\u00e3o de vibra\u00e7\u00e3o, menor consumo de combust\u00edvel e maior efici\u00eancia operacional.\" \/>\n<meta property=\"og:url\" content=\"https:\/\/anchorservicosnavais.com.br\/en\/polimento-de-helice\/\" \/>\n<meta property=\"og:site_name\" content=\"Anchor Servi\u00e7os e Reparos Navais\" \/>\n<meta property=\"article:modified_time\" content=\"2026-01-20T17:53:03+00:00\" \/>\n<meta property=\"og:image\" content=\"https:\/\/anchorservicosnavais.com.br\/wp-content\/uploads\/2026\/01\/WhatsApp-Image-2025-12-30-at-14.44.47.jpeg\" \/>\n\t<meta property=\"og:image:width\" content=\"647\" \/>\n\t<meta property=\"og:image:height\" content=\"809\" \/>\n\t<meta property=\"og:image:type\" content=\"image\/jpeg\" \/>\n<meta name=\"twitter:card\" content=\"summary_large_image\" \/>\n<meta name=\"twitter:label1\" content=\"Est. reading time\" \/>\n\t<meta name=\"twitter:data1\" content=\"1 minute\" \/>\n<script type=\"application\/ld+json\" class=\"yoast-schema-graph\">{\"@context\":\"https:\\\/\\\/schema.org\",\"@graph\":[{\"@type\":\"WebPage\",\"@id\":\"https:\\\/\\\/anchorservicosnavais.com.br\\\/polimento-de-helice\\\/\",\"url\":\"https:\\\/\\\/anchorservicosnavais.com.br\\\/polimento-de-helice\\\/\",\"name\":\"Polimento de H\u00e9lice - Anchor Servi\u00e7os e Reparos Navais\",\"isPartOf\":{\"@id\":\"https:\\\/\\\/anchorservicosnavais.com.br\\\/#website\"},\"primaryImageOfPage\":{\"@id\":\"https:\\\/\\\/anchorservicosnavais.com.br\\\/polimento-de-helice\\\/#primaryimage\"},\"image\":{\"@id\":\"https:\\\/\\\/anchorservicosnavais.com.br\\\/polimento-de-helice\\\/#primaryimage\"},\"thumbnailUrl\":\"https:\\\/\\\/anchorservicosnavais.com.br\\\/wp-content\\\/uploads\\\/2026\\\/01\\\/WhatsApp-Image-2025-12-30-at-14.44.47.jpeg\",\"datePublished\":\"2026-01-15T11:59:13+00:00\",\"dateModified\":\"2026-01-20T17:53:03+00:00\",\"breadcrumb\":{\"@id\":\"https:\\\/\\\/anchorservicosnavais.com.br\\\/polimento-de-helice\\\/#breadcrumb\"},\"inLanguage\":\"en-US\",\"potentialAction\":[{\"@type\":\"ReadAction\",\"target\":[\"https:\\\/\\\/anchorservicosnavais.com.br\\\/polimento-de-helice\\\/\"]}]},{\"@type\":\"ImageObject\",\"inLanguage\":\"en-US\",\"@id\":\"https:\\\/\\\/anchorservicosnavais.com.br\\\/polimento-de-helice\\\/#primaryimage\",\"url\":\"https:\\\/\\\/anchorservicosnavais.com.br\\\/wp-content\\\/uploads\\\/2026\\\/01\\\/WhatsApp-Image-2025-12-30-at-14.44.47.jpeg\",\"contentUrl\":\"https:\\\/\\\/anchorservicosnavais.com.br\\\/wp-content\\\/uploads\\\/2026\\\/01\\\/WhatsApp-Image-2025-12-30-at-14.44.47.jpeg\"},{\"@type\":\"BreadcrumbList\",\"@id\":\"https:\\\/\\\/anchorservicosnavais.com.br\\\/polimento-de-helice\\\/#breadcrumb\",\"itemListElement\":[{\"@type\":\"ListItem\",\"position\":1,\"name\":\"In\u00edcio\",\"item\":\"https:\\\/\\\/anchorservicosnavais.com.br\\\/\"},{\"@type\":\"ListItem\",\"position\":2,\"name\":\"Polimento de H\u00e9lice\"}]},{\"@type\":\"WebSite\",\"@id\":\"https:\\\/\\\/anchorservicosnavais.com.br\\\/#website\",\"url\":\"https:\\\/\\\/anchorservicosnavais.com.br\\\/\",\"name\":\"Anchor Servi\u00e7os e Reparos Navais\",\"description\":\"Servi\u00e7os e Reparos Navais\",\"publisher\":{\"@id\":\"https:\\\/\\\/anchorservicosnavais.com.br\\\/#organization\"},\"potentialAction\":[{\"@type\":\"SearchAction\",\"target\":{\"@type\":\"EntryPoint\",\"urlTemplate\":\"https:\\\/\\\/anchorservicosnavais.com.br\\\/?s={search_term_string}\"},\"query-input\":{\"@type\":\"PropertyValueSpecification\",\"valueRequired\":true,\"valueName\":\"search_term_string\"}}],\"inLanguage\":\"en-US\"},{\"@type\":\"Organization\",\"@id\":\"https:\\\/\\\/anchorservicosnavais.com.br\\\/#organization\",\"name\":\"Anchor Servi\u00e7os e Reparos Navais\",\"url\":\"https:\\\/\\\/anchorservicosnavais.com.br\\\/\",\"logo\":{\"@type\":\"ImageObject\",\"inLanguage\":\"en-US\",\"@id\":\"https:\\\/\\\/anchorservicosnavais.com.br\\\/#\\\/schema\\\/logo\\\/image\\\/\",\"url\":\"https:\\\/\\\/anchorservicosnavais.com.br\\\/wp-content\\\/uploads\\\/2026\\\/01\\\/Ativo-1.png\",\"contentUrl\":\"https:\\\/\\\/anchorservicosnavais.com.br\\\/wp-content\\\/uploads\\\/2026\\\/01\\\/Ativo-1.png\",\"width\":242,\"height\":80,\"caption\":\"Anchor Servi\u00e7os e Reparos Navais\"},\"image\":{\"@id\":\"https:\\\/\\\/anchorservicosnavais.com.br\\\/#\\\/schema\\\/logo\\\/image\\\/\"}}]}<\/script>\n<!-- \/ Yoast SEO plugin. -->","yoast_head_json":{"title":"Polimento de H\u00e9lice - Anchor Servi\u00e7os e Reparos Navais","robots":{"index":"index","follow":"follow","max-snippet":"max-snippet:-1","max-image-preview":"max-image-preview:large","max-video-preview":"max-video-preview:-1"},"canonical":"https:\/\/anchorservicosnavais.com.br\/en\/polimento-de-helice\/","og_locale":"en_US","og_type":"article","og_title":"Polimento de H\u00e9lice - Anchor Servi\u00e7os e Reparos Navais","og_description":"Polimento de H\u00e9lice Polimento t\u00e9cnico de h\u00e9lices para melhoria do desempenho, redu\u00e7\u00e3o de vibra\u00e7\u00e3o, menor consumo de combust\u00edvel e maior efici\u00eancia operacional.","og_url":"https:\/\/anchorservicosnavais.com.br\/en\/polimento-de-helice\/","og_site_name":"Anchor Servi\u00e7os e Reparos Navais","article_modified_time":"2026-01-20T17:53:03+00:00","og_image":[{"width":647,"height":809,"url":"https:\/\/anchorservicosnavais.com.br\/wp-content\/uploads\/2026\/01\/WhatsApp-Image-2025-12-30-at-14.44.47.jpeg","type":"image\/jpeg"}],"twitter_card":"summary_large_image","twitter_misc":{"Est. reading time":"1 minute"},"schema":{"@context":"https:\/\/schema.org","@graph":[{"@type":"WebPage","@id":"https:\/\/anchorservicosnavais.com.br\/polimento-de-helice\/","url":"https:\/\/anchorservicosnavais.com.br\/polimento-de-helice\/","name":"Polimento de H\u00e9lice - Anchor Servi\u00e7os e Reparos Navais","isPartOf":{"@id":"https:\/\/anchorservicosnavais.com.br\/#website"},"primaryImageOfPage":{"@id":"https:\/\/anchorservicosnavais.com.br\/polimento-de-helice\/#primaryimage"},"image":{"@id":"https:\/\/anchorservicosnavais.com.br\/polimento-de-helice\/#primaryimage"},"thumbnailUrl":"https:\/\/anchorservicosnavais.com.br\/wp-content\/uploads\/2026\/01\/WhatsApp-Image-2025-12-30-at-14.44.47.jpeg","datePublished":"2026-01-15T11:59:13+00:00","dateModified":"2026-01-20T17:53:03+00:00","breadcrumb":{"@id":"https:\/\/anchorservicosnavais.com.br\/polimento-de-helice\/#breadcrumb"},"inLanguage":"en-US","potentialAction":[{"@type":"ReadAction","target":["https:\/\/anchorservicosnavais.com.br\/polimento-de-helice\/"]}]},{"@type":"ImageObject","inLanguage":"en-US","@id":"https:\/\/anchorservicosnavais.com.br\/polimento-de-helice\/#primaryimage","url":"https:\/\/anchorservicosnavais.com.br\/wp-content\/uploads\/2026\/01\/WhatsApp-Image-2025-12-30-at-14.44.47.jpeg","contentUrl":"https:\/\/anchorservicosnavais.com.br\/wp-content\/uploads\/2026\/01\/WhatsApp-Image-2025-12-30-at-14.44.47.jpeg"},{"@type":"BreadcrumbList","@id":"https:\/\/anchorservicosnavais.com.br\/polimento-de-helice\/#breadcrumb","itemListElement":[{"@type":"ListItem","position":1,"name":"In\u00edcio","item":"https:\/\/anchorservicosnavais.com.br\/"},{"@type":"ListItem","position":2,"name":"Polimento de H\u00e9lice"}]},{"@type":"WebSite","@id":"https:\/\/anchorservicosnavais.com.br\/#website","url":"https:\/\/anchorservicosnavais.com.br\/","name":"Anchor Servi\u00e7os e Reparos Navais","description":"Servi\u00e7os e Reparos Navais","publisher":{"@id":"https:\/\/anchorservicosnavais.com.br\/#organization"},"potentialAction":[{"@type":"SearchAction","target":{"@type":"EntryPoint","urlTemplate":"https:\/\/anchorservicosnavais.com.br\/?s={search_term_string}"},"query-input":{"@type":"PropertyValueSpecification","valueRequired":true,"valueName":"search_term_string"}}],"inLanguage":"en-US"},{"@type":"Organization","@id":"https:\/\/anchorservicosnavais.com.br\/#organization","name":"Anchor Servi\u00e7os e Reparos Navais","url":"https:\/\/anchorservicosnavais.com.br\/","logo":{"@type":"ImageObject","inLanguage":"en-US","@id":"https:\/\/anchorservicosnavais.com.br\/#\/schema\/logo\/image\/","url":"https:\/\/anchorservicosnavais.com.br\/wp-content\/uploads\/2026\/01\/Ativo-1.png","contentUrl":"https:\/\/anchorservicosnavais.com.br\/wp-content\/uploads\/2026\/01\/Ativo-1.png","width":242,"height":80,"caption":"Anchor Servi\u00e7os e Reparos Navais"},"image":{"@id":"https:\/\/anchorservicosnavais.com.br\/#\/schema\/logo\/image\/"}}]}},"_links":{"self":[{"href":"https:\/\/anchorservicosnavais.com.br\/en\/wp-json\/wp\/v2\/pages\/288","targetHints":{"allow":["GET"]}}],"collection":[{"href":"https:\/\/anchorservicosnavais.com.br\/en\/wp-json\/wp\/v2\/pages"}],"about":[{"href":"https:\/\/anchorservicosnavais.com.br\/en\/wp-json\/wp\/v2\/types\/page"}],"author":[{"embeddable":true,"href":"https:\/\/anchorservicosnavais.com.br\/en\/wp-json\/wp\/v2\/users\/1"}],"replies":[{"embeddable":true,"href":"https:\/\/anchorservicosnavais.com.br\/en\/wp-json\/wp\/v2\/comments?post=288"}],"version-history":[{"count":3,"href":"https:\/\/anchorservicosnavais.com.br\/en\/wp-json\/wp\/v2\/pages\/288\/revisions"}],"predecessor-version":[{"id":361,"href":"https:\/\/anchorservicosnavais.com.br\/en\/wp-json\/wp\/v2\/pages\/288\/revisions\/361"}],"wp:attachment":[{"href":"https:\/\/anchorservicosnavais.com.br\/en\/wp-json\/wp\/v2\/media?parent=288"}],"curies":[{"name":"wp","href":"https:\/\/api.w.org\/{rel}","templated":true}]}}