{"id":281,"date":"2026-01-15T11:54:02","date_gmt":"2026-01-15T11:54:02","guid":{"rendered":"https:\/\/anchorservicosnavais.com.br\/?page_id=281"},"modified":"2026-01-16T03:40:13","modified_gmt":"2026-01-16T03:40:13","slug":"beneficiamento-de-valvulas","status":"publish","type":"page","link":"https:\/\/anchorservicosnavais.com.br\/en\/beneficiamento-de-valvulas\/","title":{"rendered":"Beneficiamento de V\u00e1lvulas"},"content":{"rendered":"<div class=\"wp-block-group alignfull is-style-ext-preset--group--natural-1--section has-background-background-color has-background has-global-padding is-layout-constrained wp-container-core-group-is-layout-f72f1611 wp-block-group-is-layout-constrained is-style-ext-preset--group--natural-1--section--1\" style=\"margin-top:0;margin-bottom:0;padding-top:var(--wp--preset--spacing--70);padding-bottom:var(--wp--preset--spacing--70)\">\n<div class=\"wp-block-group alignwide is-vertical is-layout-flex wp-container-core-group-is-layout-c35747d5 wp-block-group-is-layout-flex\">\n<div class=\"wp-block-group has-global-padding is-layout-constrained wp-container-core-group-is-layout-93caf46b wp-block-group-is-layout-constrained\" style=\"padding-top:0;padding-bottom:0\">\n<h2 class=\"wp-block-heading\">Beneficiamento de V\u00e1lvulas<\/h2>\n\n\n\n<p>Servi\u00e7os de recupera\u00e7\u00e3o, ajuste e beneficiamento de v\u00e1lvulas, assegurando veda\u00e7\u00e3o, funcionalidade e confiabilidade dos sistemas.<\/p>\n<\/div>\n<\/div>\n\n\n\n<div class=\"wp-block-columns alignwide are-vertically-aligned-top is-layout-flex wp-container-core-columns-is-layout-87beb0d0 wp-block-columns-is-layout-flex\">\n<div class=\"wp-block-column is-vertically-aligned-top is-layout-flow wp-container-core-column-is-layout-f5bb311e wp-block-column-is-layout-flow\">\n<figure class=\"wp-block-image size-large is-style-ext-preset--image--natural-1--image-1--content-top is-style-ext-preset--image--natural-1--image-1--content-top--2\"><img loading=\"lazy\" decoding=\"async\" width=\"461\" height=\"1024\" src=\"https:\/\/anchorservicosnavais.com.br\/wp-content\/uploads\/2026\/01\/WhatsApp-Image-2025-12-30-at-14.58.53-3-461x1024.jpeg\" alt=\"\" class=\"wp-image-284\" style=\"aspect-ratio:1;object-fit:cover\" srcset=\"https:\/\/anchorservicosnavais.com.br\/wp-content\/uploads\/2026\/01\/WhatsApp-Image-2025-12-30-at-14.58.53-3-461x1024.jpeg 461w, https:\/\/anchorservicosnavais.com.br\/wp-content\/uploads\/2026\/01\/WhatsApp-Image-2025-12-30-at-14.58.53-3-135x300.jpeg 135w, https:\/\/anchorservicosnavais.com.br\/wp-content\/uploads\/2026\/01\/WhatsApp-Image-2025-12-30-at-14.58.53-3-691x1536.jpeg 691w, https:\/\/anchorservicosnavais.com.br\/wp-content\/uploads\/2026\/01\/WhatsApp-Image-2025-12-30-at-14.58.53-3-5x12.jpeg 5w, https:\/\/anchorservicosnavais.com.br\/wp-content\/uploads\/2026\/01\/WhatsApp-Image-2025-12-30-at-14.58.53-3.jpeg 720w\" sizes=\"auto, (max-width: 461px) 100vw, 461px\" \/><\/figure>\n<\/div>\n\n\n\n<div class=\"wp-block-column is-vertically-aligned-top is-layout-flow wp-container-core-column-is-layout-f5bb311e wp-block-column-is-layout-flow\">\n<figure class=\"wp-block-image size-large is-style-ext-preset--image--natural-1--image-1--content-top is-style-ext-preset--image--natural-1--image-1--content-top--3\"><img loading=\"lazy\" decoding=\"async\" width=\"461\" height=\"1024\" src=\"https:\/\/anchorservicosnavais.com.br\/wp-content\/uploads\/2026\/01\/WhatsApp-Image-2025-12-30-at-14.58.52-2-461x1024.jpeg\" alt=\"\" class=\"wp-image-283\" style=\"aspect-ratio:1;object-fit:cover\" srcset=\"https:\/\/anchorservicosnavais.com.br\/wp-content\/uploads\/2026\/01\/WhatsApp-Image-2025-12-30-at-14.58.52-2-461x1024.jpeg 461w, https:\/\/anchorservicosnavais.com.br\/wp-content\/uploads\/2026\/01\/WhatsApp-Image-2025-12-30-at-14.58.52-2-135x300.jpeg 135w, https:\/\/anchorservicosnavais.com.br\/wp-content\/uploads\/2026\/01\/WhatsApp-Image-2025-12-30-at-14.58.52-2-691x1536.jpeg 691w, https:\/\/anchorservicosnavais.com.br\/wp-content\/uploads\/2026\/01\/WhatsApp-Image-2025-12-30-at-14.58.52-2-5x12.jpeg 5w, https:\/\/anchorservicosnavais.com.br\/wp-content\/uploads\/2026\/01\/WhatsApp-Image-2025-12-30-at-14.58.52-2.jpeg 720w\" sizes=\"auto, (max-width: 461px) 100vw, 461px\" \/><\/figure>\n<\/div>\n\n\n\n<div class=\"wp-block-column is-vertically-aligned-top is-layout-flow wp-container-core-column-is-layout-f5bb311e wp-block-column-is-layout-flow\">\n<figure class=\"wp-block-image size-large is-style-ext-preset--image--natural-1--image-1--content-top is-style-ext-preset--image--natural-1--image-1--content-top--4\"><img loading=\"lazy\" decoding=\"async\" width=\"576\" height=\"1024\" src=\"https:\/\/anchorservicosnavais.com.br\/wp-content\/uploads\/2026\/01\/WhatsApp-Image-2025-12-30-at-14.58.51-1-576x1024.jpeg\" alt=\"\" class=\"wp-image-282\" style=\"aspect-ratio:1;object-fit:cover\" srcset=\"https:\/\/anchorservicosnavais.com.br\/wp-content\/uploads\/2026\/01\/WhatsApp-Image-2025-12-30-at-14.58.51-1-576x1024.jpeg 576w, https:\/\/anchorservicosnavais.com.br\/wp-content\/uploads\/2026\/01\/WhatsApp-Image-2025-12-30-at-14.58.51-1-169x300.jpeg 169w, https:\/\/anchorservicosnavais.com.br\/wp-content\/uploads\/2026\/01\/WhatsApp-Image-2025-12-30-at-14.58.51-1-768x1365.jpeg 768w, https:\/\/anchorservicosnavais.com.br\/wp-content\/uploads\/2026\/01\/WhatsApp-Image-2025-12-30-at-14.58.51-1-864x1536.jpeg 864w, https:\/\/anchorservicosnavais.com.br\/wp-content\/uploads\/2026\/01\/WhatsApp-Image-2025-12-30-at-14.58.51-1-7x12.jpeg 7w, https:\/\/anchorservicosnavais.com.br\/wp-content\/uploads\/2026\/01\/WhatsApp-Image-2025-12-30-at-14.58.51-1.jpeg 900w\" sizes=\"auto, (max-width: 576px) 100vw, 576px\" \/><\/figure>\n<\/div>\n\n\n\n<div class=\"wp-block-column is-vertically-aligned-top is-layout-flow wp-container-core-column-is-layout-f5bb311e wp-block-column-is-layout-flow\">\n<figure class=\"wp-block-image size-large is-style-ext-preset--image--natural-1--image-1--content-top is-style-ext-preset--image--natural-1--image-1--content-top--5\"><img loading=\"lazy\" decoding=\"async\" width=\"1024\" height=\"539\" src=\"https:\/\/anchorservicosnavais.com.br\/wp-content\/uploads\/2026\/01\/WhatsApp-Image-2025-12-30-at-14.58.54-3-1024x539.jpeg\" alt=\"\" class=\"wp-image-127\" style=\"aspect-ratio:1;object-fit:cover\" srcset=\"https:\/\/anchorservicosnavais.com.br\/wp-content\/uploads\/2026\/01\/WhatsApp-Image-2025-12-30-at-14.58.54-3-1024x539.jpeg 1024w, https:\/\/anchorservicosnavais.com.br\/wp-content\/uploads\/2026\/01\/WhatsApp-Image-2025-12-30-at-14.58.54-3-300x158.jpeg 300w, https:\/\/anchorservicosnavais.com.br\/wp-content\/uploads\/2026\/01\/WhatsApp-Image-2025-12-30-at-14.58.54-3-768x405.jpeg 768w, https:\/\/anchorservicosnavais.com.br\/wp-content\/uploads\/2026\/01\/WhatsApp-Image-2025-12-30-at-14.58.54-3-18x9.jpeg 18w, https:\/\/anchorservicosnavais.com.br\/wp-content\/uploads\/2026\/01\/WhatsApp-Image-2025-12-30-at-14.58.54-3.jpeg 1287w\" sizes=\"auto, (max-width: 1024px) 100vw, 1024px\" \/><\/figure>\n<\/div>\n<\/div>\n<\/div>","protected":false},"excerpt":{"rendered":"<p>Beneficiamento de V\u00e1lvulas Servi\u00e7os de recupera\u00e7\u00e3o, ajuste e beneficiamento de v\u00e1lvulas, assegurando veda\u00e7\u00e3o, funcionalidade e confiabilidade dos sistemas.<\/p>","protected":false},"author":1,"featured_media":0,"parent":0,"menu_order":0,"comment_status":"closed","ping_status":"closed","template":"page-with-title","meta":{"_monsterinsights_skip_tracking":false,"_monsterinsights_sitenote_active":false,"_monsterinsights_sitenote_note":"","_monsterinsights_sitenote_category":0,"footnotes":""},"class_list":["post-281","page","type-page","status-publish","hentry"],"yoast_head":"<!-- This site is optimized with the Yoast SEO plugin v27.5 - https:\/\/yoast.com\/product\/yoast-seo-wordpress\/ -->\n<title>Beneficiamento de V\u00e1lvulas - Anchor Servi\u00e7os e Reparos Navais<\/title>\n<meta name=\"robots\" content=\"index, follow, max-snippet:-1, max-image-preview:large, max-video-preview:-1\" \/>\n<link rel=\"canonical\" href=\"https:\/\/anchorservicosnavais.com.br\/en\/beneficiamento-de-valvulas\/\" \/>\n<meta property=\"og:locale\" content=\"en_US\" \/>\n<meta property=\"og:type\" content=\"article\" \/>\n<meta property=\"og:title\" content=\"Beneficiamento de V\u00e1lvulas - Anchor Servi\u00e7os e Reparos Navais\" \/>\n<meta property=\"og:description\" content=\"Beneficiamento de V\u00e1lvulas Servi\u00e7os de recupera\u00e7\u00e3o, ajuste e beneficiamento de v\u00e1lvulas, assegurando veda\u00e7\u00e3o, funcionalidade e confiabilidade dos sistemas.\" \/>\n<meta property=\"og:url\" content=\"https:\/\/anchorservicosnavais.com.br\/en\/beneficiamento-de-valvulas\/\" \/>\n<meta property=\"og:site_name\" content=\"Anchor Servi\u00e7os e Reparos Navais\" \/>\n<meta property=\"article:modified_time\" content=\"2026-01-16T03:40:13+00:00\" \/>\n<meta property=\"og:image\" content=\"https:\/\/anchorservicosnavais.com.br\/wp-content\/uploads\/2026\/01\/WhatsApp-Image-2025-12-30-at-14.58.53-3.jpeg\" \/>\n\t<meta property=\"og:image:width\" content=\"720\" \/>\n\t<meta property=\"og:image:height\" content=\"1600\" \/>\n\t<meta property=\"og:image:type\" content=\"image\/jpeg\" \/>\n<meta name=\"twitter:card\" content=\"summary_large_image\" \/>\n<meta name=\"twitter:label1\" content=\"Est. reading time\" \/>\n\t<meta name=\"twitter:data1\" content=\"1 minute\" \/>\n<script type=\"application\/ld+json\" class=\"yoast-schema-graph\">{\"@context\":\"https:\\\/\\\/schema.org\",\"@graph\":[{\"@type\":\"WebPage\",\"@id\":\"https:\\\/\\\/anchorservicosnavais.com.br\\\/beneficiamento-de-valvulas\\\/\",\"url\":\"https:\\\/\\\/anchorservicosnavais.com.br\\\/beneficiamento-de-valvulas\\\/\",\"name\":\"Beneficiamento de V\u00e1lvulas - Anchor Servi\u00e7os e Reparos Navais\",\"isPartOf\":{\"@id\":\"https:\\\/\\\/anchorservicosnavais.com.br\\\/#website\"},\"primaryImageOfPage\":{\"@id\":\"https:\\\/\\\/anchorservicosnavais.com.br\\\/beneficiamento-de-valvulas\\\/#primaryimage\"},\"image\":{\"@id\":\"https:\\\/\\\/anchorservicosnavais.com.br\\\/beneficiamento-de-valvulas\\\/#primaryimage\"},\"thumbnailUrl\":\"https:\\\/\\\/anchorservicosnavais.com.br\\\/wp-content\\\/uploads\\\/2026\\\/01\\\/WhatsApp-Image-2025-12-30-at-14.58.53-3-461x1024.jpeg\",\"datePublished\":\"2026-01-15T11:54:02+00:00\",\"dateModified\":\"2026-01-16T03:40:13+00:00\",\"breadcrumb\":{\"@id\":\"https:\\\/\\\/anchorservicosnavais.com.br\\\/beneficiamento-de-valvulas\\\/#breadcrumb\"},\"inLanguage\":\"en-US\",\"potentialAction\":[{\"@type\":\"ReadAction\",\"target\":[\"https:\\\/\\\/anchorservicosnavais.com.br\\\/beneficiamento-de-valvulas\\\/\"]}]},{\"@type\":\"ImageObject\",\"inLanguage\":\"en-US\",\"@id\":\"https:\\\/\\\/anchorservicosnavais.com.br\\\/beneficiamento-de-valvulas\\\/#primaryimage\",\"url\":\"https:\\\/\\\/anchorservicosnavais.com.br\\\/wp-content\\\/uploads\\\/2026\\\/01\\\/WhatsApp-Image-2025-12-30-at-14.58.53-3-461x1024.jpeg\",\"contentUrl\":\"https:\\\/\\\/anchorservicosnavais.com.br\\\/wp-content\\\/uploads\\\/2026\\\/01\\\/WhatsApp-Image-2025-12-30-at-14.58.53-3-461x1024.jpeg\"},{\"@type\":\"BreadcrumbList\",\"@id\":\"https:\\\/\\\/anchorservicosnavais.com.br\\\/beneficiamento-de-valvulas\\\/#breadcrumb\",\"itemListElement\":[{\"@type\":\"ListItem\",\"position\":1,\"name\":\"In\u00edcio\",\"item\":\"https:\\\/\\\/anchorservicosnavais.com.br\\\/\"},{\"@type\":\"ListItem\",\"position\":2,\"name\":\"Beneficiamento de V\u00e1lvulas\"}]},{\"@type\":\"WebSite\",\"@id\":\"https:\\\/\\\/anchorservicosnavais.com.br\\\/#website\",\"url\":\"https:\\\/\\\/anchorservicosnavais.com.br\\\/\",\"name\":\"Anchor Servi\u00e7os e Reparos Navais\",\"description\":\"Servi\u00e7os e Reparos Navais\",\"publisher\":{\"@id\":\"https:\\\/\\\/anchorservicosnavais.com.br\\\/#organization\"},\"potentialAction\":[{\"@type\":\"SearchAction\",\"target\":{\"@type\":\"EntryPoint\",\"urlTemplate\":\"https:\\\/\\\/anchorservicosnavais.com.br\\\/?s={search_term_string}\"},\"query-input\":{\"@type\":\"PropertyValueSpecification\",\"valueRequired\":true,\"valueName\":\"search_term_string\"}}],\"inLanguage\":\"en-US\"},{\"@type\":\"Organization\",\"@id\":\"https:\\\/\\\/anchorservicosnavais.com.br\\\/#organization\",\"name\":\"Anchor Servi\u00e7os e Reparos Navais\",\"url\":\"https:\\\/\\\/anchorservicosnavais.com.br\\\/\",\"logo\":{\"@type\":\"ImageObject\",\"inLanguage\":\"en-US\",\"@id\":\"https:\\\/\\\/anchorservicosnavais.com.br\\\/#\\\/schema\\\/logo\\\/image\\\/\",\"url\":\"https:\\\/\\\/anchorservicosnavais.com.br\\\/wp-content\\\/uploads\\\/2026\\\/01\\\/Ativo-1.png\",\"contentUrl\":\"https:\\\/\\\/anchorservicosnavais.com.br\\\/wp-content\\\/uploads\\\/2026\\\/01\\\/Ativo-1.png\",\"width\":242,\"height\":80,\"caption\":\"Anchor Servi\u00e7os e Reparos Navais\"},\"image\":{\"@id\":\"https:\\\/\\\/anchorservicosnavais.com.br\\\/#\\\/schema\\\/logo\\\/image\\\/\"}}]}<\/script>\n<!-- \/ Yoast SEO plugin. -->","yoast_head_json":{"title":"Beneficiamento de V\u00e1lvulas - Anchor Servi\u00e7os e Reparos Navais","robots":{"index":"index","follow":"follow","max-snippet":"max-snippet:-1","max-image-preview":"max-image-preview:large","max-video-preview":"max-video-preview:-1"},"canonical":"https:\/\/anchorservicosnavais.com.br\/en\/beneficiamento-de-valvulas\/","og_locale":"en_US","og_type":"article","og_title":"Beneficiamento de V\u00e1lvulas - Anchor Servi\u00e7os e Reparos Navais","og_description":"Beneficiamento de V\u00e1lvulas Servi\u00e7os de recupera\u00e7\u00e3o, ajuste e beneficiamento de v\u00e1lvulas, assegurando veda\u00e7\u00e3o, funcionalidade e confiabilidade dos sistemas.","og_url":"https:\/\/anchorservicosnavais.com.br\/en\/beneficiamento-de-valvulas\/","og_site_name":"Anchor Servi\u00e7os e Reparos Navais","article_modified_time":"2026-01-16T03:40:13+00:00","og_image":[{"width":720,"height":1600,"url":"https:\/\/anchorservicosnavais.com.br\/wp-content\/uploads\/2026\/01\/WhatsApp-Image-2025-12-30-at-14.58.53-3.jpeg","type":"image\/jpeg"}],"twitter_card":"summary_large_image","twitter_misc":{"Est. reading time":"1 minute"},"schema":{"@context":"https:\/\/schema.org","@graph":[{"@type":"WebPage","@id":"https:\/\/anchorservicosnavais.com.br\/beneficiamento-de-valvulas\/","url":"https:\/\/anchorservicosnavais.com.br\/beneficiamento-de-valvulas\/","name":"Beneficiamento de V\u00e1lvulas - Anchor Servi\u00e7os e Reparos Navais","isPartOf":{"@id":"https:\/\/anchorservicosnavais.com.br\/#website"},"primaryImageOfPage":{"@id":"https:\/\/anchorservicosnavais.com.br\/beneficiamento-de-valvulas\/#primaryimage"},"image":{"@id":"https:\/\/anchorservicosnavais.com.br\/beneficiamento-de-valvulas\/#primaryimage"},"thumbnailUrl":"https:\/\/anchorservicosnavais.com.br\/wp-content\/uploads\/2026\/01\/WhatsApp-Image-2025-12-30-at-14.58.53-3-461x1024.jpeg","datePublished":"2026-01-15T11:54:02+00:00","dateModified":"2026-01-16T03:40:13+00:00","breadcrumb":{"@id":"https:\/\/anchorservicosnavais.com.br\/beneficiamento-de-valvulas\/#breadcrumb"},"inLanguage":"en-US","potentialAction":[{"@type":"ReadAction","target":["https:\/\/anchorservicosnavais.com.br\/beneficiamento-de-valvulas\/"]}]},{"@type":"ImageObject","inLanguage":"en-US","@id":"https:\/\/anchorservicosnavais.com.br\/beneficiamento-de-valvulas\/#primaryimage","url":"https:\/\/anchorservicosnavais.com.br\/wp-content\/uploads\/2026\/01\/WhatsApp-Image-2025-12-30-at-14.58.53-3-461x1024.jpeg","contentUrl":"https:\/\/anchorservicosnavais.com.br\/wp-content\/uploads\/2026\/01\/WhatsApp-Image-2025-12-30-at-14.58.53-3-461x1024.jpeg"},{"@type":"BreadcrumbList","@id":"https:\/\/anchorservicosnavais.com.br\/beneficiamento-de-valvulas\/#breadcrumb","itemListElement":[{"@type":"ListItem","position":1,"name":"In\u00edcio","item":"https:\/\/anchorservicosnavais.com.br\/"},{"@type":"ListItem","position":2,"name":"Beneficiamento de V\u00e1lvulas"}]},{"@type":"WebSite","@id":"https:\/\/anchorservicosnavais.com.br\/#website","url":"https:\/\/anchorservicosnavais.com.br\/","name":"Anchor Servi\u00e7os e Reparos Navais","description":"Servi\u00e7os e Reparos Navais","publisher":{"@id":"https:\/\/anchorservicosnavais.com.br\/#organization"},"potentialAction":[{"@type":"SearchAction","target":{"@type":"EntryPoint","urlTemplate":"https:\/\/anchorservicosnavais.com.br\/?s={search_term_string}"},"query-input":{"@type":"PropertyValueSpecification","valueRequired":true,"valueName":"search_term_string"}}],"inLanguage":"en-US"},{"@type":"Organization","@id":"https:\/\/anchorservicosnavais.com.br\/#organization","name":"Anchor Servi\u00e7os e Reparos Navais","url":"https:\/\/anchorservicosnavais.com.br\/","logo":{"@type":"ImageObject","inLanguage":"en-US","@id":"https:\/\/anchorservicosnavais.com.br\/#\/schema\/logo\/image\/","url":"https:\/\/anchorservicosnavais.com.br\/wp-content\/uploads\/2026\/01\/Ativo-1.png","contentUrl":"https:\/\/anchorservicosnavais.com.br\/wp-content\/uploads\/2026\/01\/Ativo-1.png","width":242,"height":80,"caption":"Anchor Servi\u00e7os e Reparos Navais"},"image":{"@id":"https:\/\/anchorservicosnavais.com.br\/#\/schema\/logo\/image\/"}}]}},"_links":{"self":[{"href":"https:\/\/anchorservicosnavais.com.br\/en\/wp-json\/wp\/v2\/pages\/281","targetHints":{"allow":["GET"]}}],"collection":[{"href":"https:\/\/anchorservicosnavais.com.br\/en\/wp-json\/wp\/v2\/pages"}],"about":[{"href":"https:\/\/anchorservicosnavais.com.br\/en\/wp-json\/wp\/v2\/types\/page"}],"author":[{"embeddable":true,"href":"https:\/\/anchorservicosnavais.com.br\/en\/wp-json\/wp\/v2\/users\/1"}],"replies":[{"embeddable":true,"href":"https:\/\/anchorservicosnavais.com.br\/en\/wp-json\/wp\/v2\/comments?post=281"}],"version-history":[{"count":2,"href":"https:\/\/anchorservicosnavais.com.br\/en\/wp-json\/wp\/v2\/pages\/281\/revisions"}],"predecessor-version":[{"id":344,"href":"https:\/\/anchorservicosnavais.com.br\/en\/wp-json\/wp\/v2\/pages\/281\/revisions\/344"}],"wp:attachment":[{"href":"https:\/\/anchorservicosnavais.com.br\/en\/wp-json\/wp\/v2\/media?parent=281"}],"curies":[{"name":"wp","href":"https:\/\/api.w.org\/{rel}","templated":true}]}}