{"id":253,"date":"2026-01-15T11:12:16","date_gmt":"2026-01-15T11:12:16","guid":{"rendered":"https:\/\/anchorservicosnavais.com.br\/?page_id=253"},"modified":"2026-01-16T03:40:13","modified_gmt":"2026-01-16T03:40:13","slug":"bomba-lastro","status":"publish","type":"page","link":"https:\/\/anchorservicosnavais.com.br\/en\/bomba-lastro\/","title":{"rendered":"Bomba Lastro"},"content":{"rendered":"<div class=\"wp-block-group alignfull is-style-ext-preset--group--natural-1--section has-background-background-color has-background has-global-padding is-layout-constrained wp-container-core-group-is-layout-f72f1611 wp-block-group-is-layout-constrained is-style-ext-preset--group--natural-1--section--1\" style=\"margin-top:0;margin-bottom:0;padding-top:var(--wp--preset--spacing--70);padding-bottom:var(--wp--preset--spacing--70)\">\n<div class=\"wp-block-group alignwide is-vertical is-layout-flex wp-container-core-group-is-layout-c35747d5 wp-block-group-is-layout-flex\">\n<div class=\"wp-block-group has-global-padding is-layout-constrained wp-container-core-group-is-layout-93caf46b wp-block-group-is-layout-constrained\" style=\"padding-top:0;padding-bottom:0\">\n<h2 class=\"wp-block-heading\">Manuten\u00e7\u00e3o de Bombas de Lastro<\/h2>\n\n\n\n<p>Manuten\u00e7\u00e3o preventiva e corretiva de bombas de lastro, assegurando o funcionamento eficiente e seguro dos sistemas da embarca\u00e7\u00e3o.<\/p>\n<\/div>\n<\/div>\n\n\n\n<div class=\"wp-block-columns alignwide are-vertically-aligned-top is-layout-flex wp-container-core-columns-is-layout-87beb0d0 wp-block-columns-is-layout-flex\">\n<div class=\"wp-block-column is-vertically-aligned-top is-layout-flow wp-container-core-column-is-layout-f5bb311e wp-block-column-is-layout-flow\">\n<figure class=\"wp-block-image size-large is-style-ext-preset--image--natural-1--image-1--content-top is-style-ext-preset--image--natural-1--image-1--content-top--2\"><img loading=\"lazy\" decoding=\"async\" width=\"1024\" height=\"559\" src=\"https:\/\/anchorservicosnavais.com.br\/wp-content\/uploads\/2026\/01\/Gemini_Generated_Image_r6zs5hr6zs5hr6zs-1024x559.png\" alt=\"\" class=\"wp-image-257\" style=\"aspect-ratio:1;object-fit:cover\" srcset=\"https:\/\/anchorservicosnavais.com.br\/wp-content\/uploads\/2026\/01\/Gemini_Generated_Image_r6zs5hr6zs5hr6zs-1024x559.png 1024w, https:\/\/anchorservicosnavais.com.br\/wp-content\/uploads\/2026\/01\/Gemini_Generated_Image_r6zs5hr6zs5hr6zs-300x164.png 300w, https:\/\/anchorservicosnavais.com.br\/wp-content\/uploads\/2026\/01\/Gemini_Generated_Image_r6zs5hr6zs5hr6zs-768x419.png 768w, https:\/\/anchorservicosnavais.com.br\/wp-content\/uploads\/2026\/01\/Gemini_Generated_Image_r6zs5hr6zs5hr6zs-1536x838.png 1536w, https:\/\/anchorservicosnavais.com.br\/wp-content\/uploads\/2026\/01\/Gemini_Generated_Image_r6zs5hr6zs5hr6zs-2048x1117.png 2048w, https:\/\/anchorservicosnavais.com.br\/wp-content\/uploads\/2026\/01\/Gemini_Generated_Image_r6zs5hr6zs5hr6zs-18x10.png 18w\" sizes=\"auto, (max-width: 1024px) 100vw, 1024px\" \/><\/figure>\n<\/div>\n\n\n\n<div class=\"wp-block-column is-vertically-aligned-top is-layout-flow wp-container-core-column-is-layout-f5bb311e wp-block-column-is-layout-flow\">\n<figure class=\"wp-block-image size-large is-style-ext-preset--image--natural-1--image-1--content-top is-style-ext-preset--image--natural-1--image-1--content-top--3\"><img loading=\"lazy\" decoding=\"async\" width=\"1024\" height=\"1024\" src=\"https:\/\/anchorservicosnavais.com.br\/wp-content\/uploads\/2026\/01\/2-2-1024x1024.png\" alt=\"\" class=\"wp-image-260\" style=\"aspect-ratio:1;object-fit:cover\" srcset=\"https:\/\/anchorservicosnavais.com.br\/wp-content\/uploads\/2026\/01\/2-2-1024x1024.png 1024w, https:\/\/anchorservicosnavais.com.br\/wp-content\/uploads\/2026\/01\/2-2-300x300.png 300w, https:\/\/anchorservicosnavais.com.br\/wp-content\/uploads\/2026\/01\/2-2-150x150.png 150w, https:\/\/anchorservicosnavais.com.br\/wp-content\/uploads\/2026\/01\/2-2-768x768.png 768w, https:\/\/anchorservicosnavais.com.br\/wp-content\/uploads\/2026\/01\/2-2-12x12.png 12w, https:\/\/anchorservicosnavais.com.br\/wp-content\/uploads\/2026\/01\/2-2.png 1080w\" sizes=\"auto, (max-width: 1024px) 100vw, 1024px\" \/><\/figure>\n<\/div>\n\n\n\n<div class=\"wp-block-column is-vertically-aligned-top is-layout-flow wp-container-core-column-is-layout-f5bb311e wp-block-column-is-layout-flow\">\n<figure class=\"wp-block-image size-large is-style-ext-preset--image--natural-1--image-1--content-top is-style-ext-preset--image--natural-1--image-1--content-top--4\"><img loading=\"lazy\" decoding=\"async\" width=\"1024\" height=\"1024\" src=\"https:\/\/anchorservicosnavais.com.br\/wp-content\/uploads\/2026\/01\/3-2-1024x1024.png\" alt=\"\" class=\"wp-image-261\" style=\"aspect-ratio:1;object-fit:cover\" srcset=\"https:\/\/anchorservicosnavais.com.br\/wp-content\/uploads\/2026\/01\/3-2-1024x1024.png 1024w, https:\/\/anchorservicosnavais.com.br\/wp-content\/uploads\/2026\/01\/3-2-300x300.png 300w, https:\/\/anchorservicosnavais.com.br\/wp-content\/uploads\/2026\/01\/3-2-150x150.png 150w, https:\/\/anchorservicosnavais.com.br\/wp-content\/uploads\/2026\/01\/3-2-768x768.png 768w, https:\/\/anchorservicosnavais.com.br\/wp-content\/uploads\/2026\/01\/3-2-12x12.png 12w, https:\/\/anchorservicosnavais.com.br\/wp-content\/uploads\/2026\/01\/3-2.png 1080w\" sizes=\"auto, (max-width: 1024px) 100vw, 1024px\" \/><\/figure>\n<\/div>\n\n\n\n<div class=\"wp-block-column is-vertically-aligned-top is-layout-flow wp-container-core-column-is-layout-f5bb311e wp-block-column-is-layout-flow\">\n<figure class=\"wp-block-image size-large is-style-ext-preset--image--natural-1--image-1--content-top is-style-ext-preset--image--natural-1--image-1--content-top--5\"><img loading=\"lazy\" decoding=\"async\" width=\"1024\" height=\"1024\" src=\"https:\/\/anchorservicosnavais.com.br\/wp-content\/uploads\/2026\/01\/1-1-1024x1024.png\" alt=\"\" class=\"wp-image-259\" style=\"aspect-ratio:1;object-fit:cover\" srcset=\"https:\/\/anchorservicosnavais.com.br\/wp-content\/uploads\/2026\/01\/1-1-1024x1024.png 1024w, https:\/\/anchorservicosnavais.com.br\/wp-content\/uploads\/2026\/01\/1-1-300x300.png 300w, https:\/\/anchorservicosnavais.com.br\/wp-content\/uploads\/2026\/01\/1-1-150x150.png 150w, https:\/\/anchorservicosnavais.com.br\/wp-content\/uploads\/2026\/01\/1-1-768x768.png 768w, https:\/\/anchorservicosnavais.com.br\/wp-content\/uploads\/2026\/01\/1-1-12x12.png 12w, https:\/\/anchorservicosnavais.com.br\/wp-content\/uploads\/2026\/01\/1-1.png 1080w\" sizes=\"auto, (max-width: 1024px) 100vw, 1024px\" \/><\/figure>\n<\/div>\n<\/div>\n<\/div>","protected":false},"excerpt":{"rendered":"<p>Manuten\u00e7\u00e3o de Bombas de Lastro Manuten\u00e7\u00e3o preventiva e corretiva de bombas de lastro, assegurando o funcionamento eficiente e seguro dos sistemas da embarca\u00e7\u00e3o.<\/p>","protected":false},"author":1,"featured_media":0,"parent":0,"menu_order":0,"comment_status":"closed","ping_status":"closed","template":"page-with-title","meta":{"_monsterinsights_skip_tracking":false,"_monsterinsights_sitenote_active":false,"_monsterinsights_sitenote_note":"","_monsterinsights_sitenote_category":0,"footnotes":""},"class_list":["post-253","page","type-page","status-publish","hentry"],"yoast_head":"<!-- This site is optimized with the Yoast SEO plugin v27.5 - https:\/\/yoast.com\/product\/yoast-seo-wordpress\/ -->\n<title>Bomba Lastro - Anchor Servi\u00e7os e Reparos Navais<\/title>\n<meta name=\"robots\" content=\"index, follow, max-snippet:-1, max-image-preview:large, max-video-preview:-1\" \/>\n<link rel=\"canonical\" href=\"https:\/\/anchorservicosnavais.com.br\/en\/bomba-lastro\/\" \/>\n<meta property=\"og:locale\" content=\"en_US\" \/>\n<meta property=\"og:type\" content=\"article\" \/>\n<meta property=\"og:title\" content=\"Bomba Lastro - Anchor Servi\u00e7os e Reparos Navais\" \/>\n<meta property=\"og:description\" content=\"Manuten\u00e7\u00e3o de Bombas de Lastro Manuten\u00e7\u00e3o preventiva e corretiva de bombas de lastro, assegurando o funcionamento eficiente e seguro dos sistemas da embarca\u00e7\u00e3o.\" \/>\n<meta property=\"og:url\" content=\"https:\/\/anchorservicosnavais.com.br\/en\/bomba-lastro\/\" \/>\n<meta property=\"og:site_name\" content=\"Anchor Servi\u00e7os e Reparos Navais\" \/>\n<meta property=\"article:modified_time\" content=\"2026-01-16T03:40:13+00:00\" \/>\n<meta property=\"og:image\" content=\"https:\/\/anchorservicosnavais.com.br\/wp-content\/uploads\/2026\/01\/Gemini_Generated_Image_r6zs5hr6zs5hr6zs-1024x559.png\" \/>\n\t<meta property=\"og:image:width\" content=\"1024\" \/>\n\t<meta property=\"og:image:height\" content=\"559\" \/>\n\t<meta property=\"og:image:type\" content=\"image\/png\" \/>\n<meta name=\"twitter:card\" content=\"summary_large_image\" \/>\n<meta name=\"twitter:label1\" content=\"Est. reading time\" \/>\n\t<meta name=\"twitter:data1\" content=\"1 minute\" \/>\n<script type=\"application\/ld+json\" class=\"yoast-schema-graph\">{\"@context\":\"https:\\\/\\\/schema.org\",\"@graph\":[{\"@type\":\"WebPage\",\"@id\":\"https:\\\/\\\/anchorservicosnavais.com.br\\\/bomba-lastro\\\/\",\"url\":\"https:\\\/\\\/anchorservicosnavais.com.br\\\/bomba-lastro\\\/\",\"name\":\"Bomba Lastro - Anchor Servi\u00e7os e Reparos Navais\",\"isPartOf\":{\"@id\":\"https:\\\/\\\/anchorservicosnavais.com.br\\\/#website\"},\"primaryImageOfPage\":{\"@id\":\"https:\\\/\\\/anchorservicosnavais.com.br\\\/bomba-lastro\\\/#primaryimage\"},\"image\":{\"@id\":\"https:\\\/\\\/anchorservicosnavais.com.br\\\/bomba-lastro\\\/#primaryimage\"},\"thumbnailUrl\":\"https:\\\/\\\/anchorservicosnavais.com.br\\\/wp-content\\\/uploads\\\/2026\\\/01\\\/Gemini_Generated_Image_r6zs5hr6zs5hr6zs-1024x559.png\",\"datePublished\":\"2026-01-15T11:12:16+00:00\",\"dateModified\":\"2026-01-16T03:40:13+00:00\",\"breadcrumb\":{\"@id\":\"https:\\\/\\\/anchorservicosnavais.com.br\\\/bomba-lastro\\\/#breadcrumb\"},\"inLanguage\":\"en-US\",\"potentialAction\":[{\"@type\":\"ReadAction\",\"target\":[\"https:\\\/\\\/anchorservicosnavais.com.br\\\/bomba-lastro\\\/\"]}]},{\"@type\":\"ImageObject\",\"inLanguage\":\"en-US\",\"@id\":\"https:\\\/\\\/anchorservicosnavais.com.br\\\/bomba-lastro\\\/#primaryimage\",\"url\":\"https:\\\/\\\/anchorservicosnavais.com.br\\\/wp-content\\\/uploads\\\/2026\\\/01\\\/Gemini_Generated_Image_r6zs5hr6zs5hr6zs-1024x559.png\",\"contentUrl\":\"https:\\\/\\\/anchorservicosnavais.com.br\\\/wp-content\\\/uploads\\\/2026\\\/01\\\/Gemini_Generated_Image_r6zs5hr6zs5hr6zs-1024x559.png\"},{\"@type\":\"BreadcrumbList\",\"@id\":\"https:\\\/\\\/anchorservicosnavais.com.br\\\/bomba-lastro\\\/#breadcrumb\",\"itemListElement\":[{\"@type\":\"ListItem\",\"position\":1,\"name\":\"In\u00edcio\",\"item\":\"https:\\\/\\\/anchorservicosnavais.com.br\\\/\"},{\"@type\":\"ListItem\",\"position\":2,\"name\":\"Bomba Lastro\"}]},{\"@type\":\"WebSite\",\"@id\":\"https:\\\/\\\/anchorservicosnavais.com.br\\\/#website\",\"url\":\"https:\\\/\\\/anchorservicosnavais.com.br\\\/\",\"name\":\"Anchor Servi\u00e7os e Reparos Navais\",\"description\":\"Servi\u00e7os e Reparos Navais\",\"publisher\":{\"@id\":\"https:\\\/\\\/anchorservicosnavais.com.br\\\/#organization\"},\"potentialAction\":[{\"@type\":\"SearchAction\",\"target\":{\"@type\":\"EntryPoint\",\"urlTemplate\":\"https:\\\/\\\/anchorservicosnavais.com.br\\\/?s={search_term_string}\"},\"query-input\":{\"@type\":\"PropertyValueSpecification\",\"valueRequired\":true,\"valueName\":\"search_term_string\"}}],\"inLanguage\":\"en-US\"},{\"@type\":\"Organization\",\"@id\":\"https:\\\/\\\/anchorservicosnavais.com.br\\\/#organization\",\"name\":\"Anchor Servi\u00e7os e Reparos Navais\",\"url\":\"https:\\\/\\\/anchorservicosnavais.com.br\\\/\",\"logo\":{\"@type\":\"ImageObject\",\"inLanguage\":\"en-US\",\"@id\":\"https:\\\/\\\/anchorservicosnavais.com.br\\\/#\\\/schema\\\/logo\\\/image\\\/\",\"url\":\"https:\\\/\\\/anchorservicosnavais.com.br\\\/wp-content\\\/uploads\\\/2026\\\/01\\\/Ativo-1.png\",\"contentUrl\":\"https:\\\/\\\/anchorservicosnavais.com.br\\\/wp-content\\\/uploads\\\/2026\\\/01\\\/Ativo-1.png\",\"width\":242,\"height\":80,\"caption\":\"Anchor Servi\u00e7os e Reparos Navais\"},\"image\":{\"@id\":\"https:\\\/\\\/anchorservicosnavais.com.br\\\/#\\\/schema\\\/logo\\\/image\\\/\"}}]}<\/script>\n<!-- \/ Yoast SEO plugin. -->","yoast_head_json":{"title":"Bomba Lastro - Anchor Servi\u00e7os e Reparos Navais","robots":{"index":"index","follow":"follow","max-snippet":"max-snippet:-1","max-image-preview":"max-image-preview:large","max-video-preview":"max-video-preview:-1"},"canonical":"https:\/\/anchorservicosnavais.com.br\/en\/bomba-lastro\/","og_locale":"en_US","og_type":"article","og_title":"Bomba Lastro - Anchor Servi\u00e7os e Reparos Navais","og_description":"Manuten\u00e7\u00e3o de Bombas de Lastro Manuten\u00e7\u00e3o preventiva e corretiva de bombas de lastro, assegurando o funcionamento eficiente e seguro dos sistemas da embarca\u00e7\u00e3o.","og_url":"https:\/\/anchorservicosnavais.com.br\/en\/bomba-lastro\/","og_site_name":"Anchor Servi\u00e7os e Reparos Navais","article_modified_time":"2026-01-16T03:40:13+00:00","og_image":[{"width":1024,"height":559,"url":"https:\/\/anchorservicosnavais.com.br\/wp-content\/uploads\/2026\/01\/Gemini_Generated_Image_r6zs5hr6zs5hr6zs-1024x559.png","type":"image\/png"}],"twitter_card":"summary_large_image","twitter_misc":{"Est. reading time":"1 minute"},"schema":{"@context":"https:\/\/schema.org","@graph":[{"@type":"WebPage","@id":"https:\/\/anchorservicosnavais.com.br\/bomba-lastro\/","url":"https:\/\/anchorservicosnavais.com.br\/bomba-lastro\/","name":"Bomba Lastro - Anchor Servi\u00e7os e Reparos Navais","isPartOf":{"@id":"https:\/\/anchorservicosnavais.com.br\/#website"},"primaryImageOfPage":{"@id":"https:\/\/anchorservicosnavais.com.br\/bomba-lastro\/#primaryimage"},"image":{"@id":"https:\/\/anchorservicosnavais.com.br\/bomba-lastro\/#primaryimage"},"thumbnailUrl":"https:\/\/anchorservicosnavais.com.br\/wp-content\/uploads\/2026\/01\/Gemini_Generated_Image_r6zs5hr6zs5hr6zs-1024x559.png","datePublished":"2026-01-15T11:12:16+00:00","dateModified":"2026-01-16T03:40:13+00:00","breadcrumb":{"@id":"https:\/\/anchorservicosnavais.com.br\/bomba-lastro\/#breadcrumb"},"inLanguage":"en-US","potentialAction":[{"@type":"ReadAction","target":["https:\/\/anchorservicosnavais.com.br\/bomba-lastro\/"]}]},{"@type":"ImageObject","inLanguage":"en-US","@id":"https:\/\/anchorservicosnavais.com.br\/bomba-lastro\/#primaryimage","url":"https:\/\/anchorservicosnavais.com.br\/wp-content\/uploads\/2026\/01\/Gemini_Generated_Image_r6zs5hr6zs5hr6zs-1024x559.png","contentUrl":"https:\/\/anchorservicosnavais.com.br\/wp-content\/uploads\/2026\/01\/Gemini_Generated_Image_r6zs5hr6zs5hr6zs-1024x559.png"},{"@type":"BreadcrumbList","@id":"https:\/\/anchorservicosnavais.com.br\/bomba-lastro\/#breadcrumb","itemListElement":[{"@type":"ListItem","position":1,"name":"In\u00edcio","item":"https:\/\/anchorservicosnavais.com.br\/"},{"@type":"ListItem","position":2,"name":"Bomba Lastro"}]},{"@type":"WebSite","@id":"https:\/\/anchorservicosnavais.com.br\/#website","url":"https:\/\/anchorservicosnavais.com.br\/","name":"Anchor Servi\u00e7os e Reparos Navais","description":"Servi\u00e7os e Reparos Navais","publisher":{"@id":"https:\/\/anchorservicosnavais.com.br\/#organization"},"potentialAction":[{"@type":"SearchAction","target":{"@type":"EntryPoint","urlTemplate":"https:\/\/anchorservicosnavais.com.br\/?s={search_term_string}"},"query-input":{"@type":"PropertyValueSpecification","valueRequired":true,"valueName":"search_term_string"}}],"inLanguage":"en-US"},{"@type":"Organization","@id":"https:\/\/anchorservicosnavais.com.br\/#organization","name":"Anchor Servi\u00e7os e Reparos Navais","url":"https:\/\/anchorservicosnavais.com.br\/","logo":{"@type":"ImageObject","inLanguage":"en-US","@id":"https:\/\/anchorservicosnavais.com.br\/#\/schema\/logo\/image\/","url":"https:\/\/anchorservicosnavais.com.br\/wp-content\/uploads\/2026\/01\/Ativo-1.png","contentUrl":"https:\/\/anchorservicosnavais.com.br\/wp-content\/uploads\/2026\/01\/Ativo-1.png","width":242,"height":80,"caption":"Anchor Servi\u00e7os e Reparos Navais"},"image":{"@id":"https:\/\/anchorservicosnavais.com.br\/#\/schema\/logo\/image\/"}}]}},"_links":{"self":[{"href":"https:\/\/anchorservicosnavais.com.br\/en\/wp-json\/wp\/v2\/pages\/253","targetHints":{"allow":["GET"]}}],"collection":[{"href":"https:\/\/anchorservicosnavais.com.br\/en\/wp-json\/wp\/v2\/pages"}],"about":[{"href":"https:\/\/anchorservicosnavais.com.br\/en\/wp-json\/wp\/v2\/types\/page"}],"author":[{"embeddable":true,"href":"https:\/\/anchorservicosnavais.com.br\/en\/wp-json\/wp\/v2\/users\/1"}],"replies":[{"embeddable":true,"href":"https:\/\/anchorservicosnavais.com.br\/en\/wp-json\/wp\/v2\/comments?post=253"}],"version-history":[{"count":4,"href":"https:\/\/anchorservicosnavais.com.br\/en\/wp-json\/wp\/v2\/pages\/253\/revisions"}],"predecessor-version":[{"id":341,"href":"https:\/\/anchorservicosnavais.com.br\/en\/wp-json\/wp\/v2\/pages\/253\/revisions\/341"}],"wp:attachment":[{"href":"https:\/\/anchorservicosnavais.com.br\/en\/wp-json\/wp\/v2\/media?parent=253"}],"curies":[{"name":"wp","href":"https:\/\/api.w.org\/{rel}","templated":true}]}}